{"id":133,"date":"2023-10-22T16:53:13","date_gmt":"2023-10-22T16:53:13","guid":{"rendered":"https:\/\/esenlikkilisesi.org\/?page_id=133"},"modified":"2024-05-26T02:26:56","modified_gmt":"2024-05-26T02:26:56","slug":"hiristiyan-ilahileri","status":"publish","type":"page","link":"https:\/\/esenlikkilisesi.org\/index.php\/hiristiyan-ilahileri\/","title":{"rendered":"H\u0131ristiyan \u0130lahileri"},"content":{"rendered":"<div class=\"boldgrid-section\">\n<div class=\"container\">\n<div class=\"row\" style=\"padding-top: 0px; padding-bottom: 0px; box-shadow: #cecece 0px 0px 0px 0px inset; background-color: #dde6c5;\">\n<div class=\"col-lg-12 col-md-12 col-xs-12 col-sm-12\">\n<div>\n<p class=\"mod-reset\">&nbsp;<\/p>\n<h6 class=\"\" data-font-family=\"Glass Antiqua\" data-font-weight=\"400\"><a class=\"\" href=\"https:\/\/i0.wp.com\/esenlikkilisesi.org\/wp-content\/uploads\/2023\/10\/rose-8252992_1920.jpg?ssl=1\"><img data-recalc-dims=\"1\" loading=\"lazy\" decoding=\"async\" class=\"bg-img aligncenter wp-image-135 bg-img-rounded-bottom-right bg-img-rounded-top-left\" style=\"box-shadow: #cecece 0px 0px 0px 0px; border: 5px solid #8f9a6e;\" src=\"https:\/\/i0.wp.com\/esenlikkilisesi.org\/wp-content\/uploads\/2023\/10\/rose-8252992_1920.jpg?resize=345%2C225&#038;ssl=1\" alt=\"\u0130lahiler ve g\u00fcller\" width=\"345\" height=\"225\" srcset=\"https:\/\/i0.wp.com\/esenlikkilisesi.org\/wp-content\/uploads\/2023\/10\/rose-8252992_1920.jpg?resize=1024%2C668&amp;ssl=1 1024w, https:\/\/i0.wp.com\/esenlikkilisesi.org\/wp-content\/uploads\/2023\/10\/rose-8252992_1920.jpg?resize=300%2C196&amp;ssl=1 300w, https:\/\/i0.wp.com\/esenlikkilisesi.org\/wp-content\/uploads\/2023\/10\/rose-8252992_1920.jpg?resize=768%2C501&amp;ssl=1 768w, https:\/\/i0.wp.com\/esenlikkilisesi.org\/wp-content\/uploads\/2023\/10\/rose-8252992_1920.jpg?resize=1536%2C1002&amp;ssl=1 1536w, https:\/\/i0.wp.com\/esenlikkilisesi.org\/wp-content\/uploads\/2023\/10\/rose-8252992_1920.jpg?w=1920&amp;ssl=1 1920w\" sizes=\"auto, (max-width: 345px) 100vw, 345px\" \/><\/a><\/h6>\n<h1 class=\"\" style=\"font-family: 'Glass Antiqua'; font-weight: 400; font-size: 22px;\" data-font-family=\"Glass Antiqua\" data-font-weight=\"400\">Tam bir bilgelikle birbirinize \u00f6\u011fretin, \u00f6\u011f\u00fct verin, mezmurlar, ilahiler, ruhsal ezgiler s\u00f6yleyerek y\u00fcreklerinizde \u015f\u00fckranla Tanr\u0131&#8217;ya na\u011fmeler y\u00fckseltin.&nbsp;<\/h1>\n<p class=\"\" style=\"font-family: Birthstone; font-weight: 400; font-size: 25px;\" data-font-family=\"Birthstone\" data-font-weight=\"400\" data-font-style=\"\">Koloseliler 3:16<\/p>\n<\/div>\n<\/div>\n<\/div>\n<\/div>\n<\/div>\n<div class=\"boldgrid-section\">\n<div class=\"container\"><\/div>\n<\/div>\n<div class=\"boldgrid-section\">\n<div class=\"container\">\n<div class=\"row\" style=\"padding-top: 42px; padding-bottom: 50px; box-shadow: #cecece 0px 0px 0px 0px inset; width: 50%;\">\n<div class=\"col-lg-12 col-md-12 col-xs-12 col-sm-12\">\n<div class=\"\">\n<div class=\"wpview wpview-wrap\">\n<div class=\"wp-playlist wp-audio-playlist wp-playlist-light\">\n\t\t\t<div class=\"wp-playlist-current-item\"><\/div>\n\t\t<audio controls=\"controls\" preload=\"none\" width=\"640\"\n\t\t\t><\/audio>\n\t<div class=\"wp-playlist-next\"><\/div>\n\t<div class=\"wp-playlist-prev\"><\/div>\n\t<noscript>\n\t<ol>\n\t\t<li><a href='https:\/\/esenlikkilisesi.org\/wp-content\/uploads\/2023\/10\/EbediBaba1.m4a'>Ebedi Baba<\/a><\/li>\t<\/ol>\n\t<\/noscript>\n\t<script type=\"application\/json\" class=\"wp-playlist-script\">{\"type\":\"audio\",\"tracklist\":false,\"tracknumbers\":true,\"images\":false,\"artists\":false,\"tracks\":[{\"src\":\"https:\/\/esenlikkilisesi.org\/wp-content\/uploads\/2023\/10\/EbediBaba1.m4a\",\"type\":\"audio\/mpeg\",\"title\":\"Ebedi Baba\",\"caption\":\"\",\"description\":\"Tanr\\u0131'ya iman arac\\u0131l\\u0131\\u011f\\u0131yla yakla\\u015f\\u0131yoruz. \",\"meta\":{\"artist\":\"Esenlik Kilisesi\",\"length_formatted\":\"2:34\"},\"image\":{\"src\":\"https:\/\/esenlikkilisesi.org\/wp-includes\/images\/media\/audio.svg\",\"width\":48,\"height\":64},\"thumb\":{\"src\":\"https:\/\/esenlikkilisesi.org\/wp-includes\/images\/media\/audio.svg\",\"width\":48,\"height\":64}}]}<\/script>\n<\/div>\n\t\n<\/div>\n<div class=\"wp-playlist wp-audio-playlist wp-playlist-light\">\n\t\t\t<div class=\"wp-playlist-current-item\"><\/div>\n\t\t<audio controls=\"controls\" preload=\"none\" width=\"640\"\n\t\t\t><\/audio>\n\t<div class=\"wp-playlist-next\"><\/div>\n\t<div class=\"wp-playlist-prev\"><\/div>\n\t<noscript>\n\t<ol>\n\t\t<li><a href='https:\/\/esenlikkilisesi.org\/wp-content\/uploads\/2023\/10\/KutsalKutsalKutsal1.m4a'>Kutsal, Kutsal, Kutsal<\/a><\/li>\t<\/ol>\n\t<\/noscript>\n\t<script type=\"application\/json\" class=\"wp-playlist-script\">{\"type\":\"audio\",\"tracklist\":false,\"tracknumbers\":true,\"images\":false,\"artists\":false,\"tracks\":[{\"src\":\"https:\/\/esenlikkilisesi.org\/wp-content\/uploads\/2023\/10\/KutsalKutsalKutsal1.m4a\",\"type\":\"audio\/mpeg\",\"title\":\"Kutsal, Kutsal, Kutsal\",\"caption\":\"\",\"description\":\"Tanr\\u0131 Kutsald\\u0131r\",\"meta\":{\"artist\":\"Esenlik Kilisesi\",\"length_formatted\":\"3:20\"},\"image\":{\"src\":\"https:\/\/esenlikkilisesi.org\/wp-includes\/images\/media\/audio.svg\",\"width\":48,\"height\":64},\"thumb\":{\"src\":\"https:\/\/esenlikkilisesi.org\/wp-includes\/images\/media\/audio.svg\",\"width\":48,\"height\":64}}]}<\/script>\n<\/div>\n\t\n<\/div>\n<\/div>\n<\/div>\n<\/div>\n<\/div>\n<div class=\"boldgrid-section\">\n<div class=\"container\"><\/div>\n<\/div>\n","protected":false},"excerpt":{"rendered":"<p>&nbsp; Tam bir bilgelikle birbirinize \u00f6\u011fretin, \u00f6\u011f\u00fct verin, mezmurlar, ilahiler, ruhsal ezgiler s\u00f6yleyerek y\u00fcreklerinizde \u015f\u00fckranla Tanr\u0131&#8217;ya na\u011fmeler y\u00fckseltin.&nbsp; Koloseliler 3:16<\/p>\n","protected":false},"author":1,"featured_media":135,"parent":0,"menu_order":0,"comment_status":"closed","ping_status":"closed","template":"template\/page\/fullwidth.php","meta":{"site-sidebar-layout":"default","site-content-layout":"","ast-site-content-layout":"default","site-content-style":"default","site-sidebar-style":"default","ast-global-header-display":"","ast-banner-title-visibility":"","ast-main-header-display":"","ast-hfb-above-header-display":"","ast-hfb-below-header-display":"","ast-hfb-mobile-header-display":"","site-post-title":"","ast-breadcrumbs-content":"","ast-featured-img":"","footer-sml-layout":"","theme-transparent-header-meta":"default","adv-header-id-meta":"","stick-header-meta":"","header-above-stick-meta":"","header-main-stick-meta":"","header-below-stick-meta":"","astra-migrate-meta-layouts":"set","ast-page-background-enabled":"default","ast-page-background-meta":{"desktop":{"background-color":"var(--ast-global-color-4)","background-image":"","background-repeat":"repeat","background-position":"center center","background-size":"auto","background-attachment":"scroll","background-type":"","background-media":"","overlay-type":"","overlay-color":"","overlay-opacity":"","overlay-gradient":""},"tablet":{"background-color":"","background-image":"","background-repeat":"repeat","background-position":"center center","background-size":"auto","background-attachment":"scroll","background-type":"","background-media":"","overlay-type":"","overlay-color":"","overlay-opacity":"","overlay-gradient":""},"mobile":{"background-color":"","background-image":"","background-repeat":"repeat","background-position":"center center","background-size":"auto","background-attachment":"scroll","background-type":"","background-media":"","overlay-type":"","overlay-color":"","overlay-opacity":"","overlay-gradient":""}},"ast-content-background-meta":{"desktop":{"background-color":"var(--ast-global-color-5)","background-image":"","background-repeat":"repeat","background-position":"center center","background-size":"auto","background-attachment":"scroll","background-type":"","background-media":"","overlay-type":"","overlay-color":"","overlay-opacity":"","overlay-gradient":""},"tablet":{"background-color":"var(--ast-global-color-5)","background-image":"","background-repeat":"repeat","background-position":"center center","background-size":"auto","background-attachment":"scroll","background-type":"","background-media":"","overlay-type":"","overlay-color":"","overlay-opacity":"","overlay-gradient":""},"mobile":{"background-color":"var(--ast-global-color-5)","background-image":"","background-repeat":"repeat","background-position":"center center","background-size":"auto","background-attachment":"scroll","background-type":"","background-media":"","overlay-type":"","overlay-color":"","overlay-opacity":"","overlay-gradient":""}},"footnotes":""},"class_list":["post-133","page","type-page","status-publish","has-post-thumbnail","hentry"],"yoast_head":"<!-- This site is optimized with the Yoast SEO plugin v27.5 - https:\/\/yoast.com\/product\/yoast-seo-wordpress\/ -->\n<title>H\u0131ristiyan \u0130lahileri - Esenlik Kilisesi<\/title>\n<meta name=\"description\" content=\"H\u0131ristiyan \u0130lahileri hem Tanr\u0131&#039;y\u0131 y\u00fcceltiyor hem de Tanr\u0131&#039;n\u0131n yoluna gidenlere te\u015ffik ediyor. Bunun i\u00e7in her toplant\u0131da s\u00f6yl\u00fcyoruz.\" \/>\n<meta name=\"robots\" content=\"index, follow, max-snippet:-1, max-image-preview:large, max-video-preview:-1\" \/>\n<link rel=\"canonical\" href=\"https:\/\/esenlikkilisesi.org\/index.php\/hiristiyan-ilahileri\/\" \/>\n<meta property=\"og:locale\" content=\"tr_TR\" \/>\n<meta property=\"og:type\" content=\"article\" \/>\n<meta property=\"og:title\" content=\"H\u0131ristiyan \u0130lahileri - Esenlik Kilisesi\" \/>\n<meta property=\"og:description\" content=\"H\u0131ristiyan \u0130lahileri hem Tanr\u0131&#039;y\u0131 y\u00fcceltiyor hem de Tanr\u0131&#039;n\u0131n yoluna gidenlere te\u015ffik ediyor. Bunun i\u00e7in her toplant\u0131da s\u00f6yl\u00fcyoruz.\" \/>\n<meta property=\"og:url\" content=\"https:\/\/esenlikkilisesi.org\/index.php\/hiristiyan-ilahileri\/\" \/>\n<meta property=\"og:site_name\" content=\"Esenlik Kilisesi - Gaziantep T\u00fcrkiye\" \/>\n<meta property=\"article:modified_time\" content=\"2024-05-26T02:26:56+00:00\" \/>\n<meta property=\"og:image\" content=\"https:\/\/esenlikkilisesi.org\/wp-content\/uploads\/2023\/10\/rose-8252992_1920.jpg\" \/>\n\t<meta property=\"og:image:width\" content=\"1920\" \/>\n\t<meta property=\"og:image:height\" content=\"1252\" \/>\n\t<meta property=\"og:image:type\" content=\"image\/jpeg\" \/>\n<meta name=\"twitter:card\" content=\"summary_large_image\" \/>\n<meta name=\"twitter:label1\" content=\"Tahmini okuma s\u00fcresi\" \/>\n\t<meta name=\"twitter:data1\" content=\"1 dakika\" \/>\n<script type=\"application\/ld+json\" class=\"yoast-schema-graph\">{\"@context\":\"https:\\\/\\\/schema.org\",\"@graph\":[{\"@type\":\"WebPage\",\"@id\":\"https:\\\/\\\/esenlikkilisesi.org\\\/index.php\\\/hiristiyan-ilahileri\\\/\",\"url\":\"https:\\\/\\\/esenlikkilisesi.org\\\/index.php\\\/hiristiyan-ilahileri\\\/\",\"name\":\"H\u0131ristiyan \u0130lahileri - Esenlik Kilisesi\",\"isPartOf\":{\"@id\":\"https:\\\/\\\/esenlikkilisesi.org\\\/#website\"},\"primaryImageOfPage\":{\"@id\":\"https:\\\/\\\/esenlikkilisesi.org\\\/index.php\\\/hiristiyan-ilahileri\\\/#primaryimage\"},\"image\":{\"@id\":\"https:\\\/\\\/esenlikkilisesi.org\\\/index.php\\\/hiristiyan-ilahileri\\\/#primaryimage\"},\"thumbnailUrl\":\"https:\\\/\\\/i0.wp.com\\\/esenlikkilisesi.org\\\/wp-content\\\/uploads\\\/2023\\\/10\\\/rose-8252992_1920.jpg?fit=1920%2C1252&ssl=1\",\"datePublished\":\"2023-10-22T16:53:13+00:00\",\"dateModified\":\"2024-05-26T02:26:56+00:00\",\"description\":\"H\u0131ristiyan \u0130lahileri hem Tanr\u0131'y\u0131 y\u00fcceltiyor hem de Tanr\u0131'n\u0131n yoluna gidenlere te\u015ffik ediyor. Bunun i\u00e7in her toplant\u0131da s\u00f6yl\u00fcyoruz.\",\"breadcrumb\":{\"@id\":\"https:\\\/\\\/esenlikkilisesi.org\\\/index.php\\\/hiristiyan-ilahileri\\\/#breadcrumb\"},\"inLanguage\":\"tr\",\"potentialAction\":[{\"@type\":\"ReadAction\",\"target\":[\"https:\\\/\\\/esenlikkilisesi.org\\\/index.php\\\/hiristiyan-ilahileri\\\/\"]}]},{\"@type\":\"ImageObject\",\"inLanguage\":\"tr\",\"@id\":\"https:\\\/\\\/esenlikkilisesi.org\\\/index.php\\\/hiristiyan-ilahileri\\\/#primaryimage\",\"url\":\"https:\\\/\\\/i0.wp.com\\\/esenlikkilisesi.org\\\/wp-content\\\/uploads\\\/2023\\\/10\\\/rose-8252992_1920.jpg?fit=1920%2C1252&ssl=1\",\"contentUrl\":\"https:\\\/\\\/i0.wp.com\\\/esenlikkilisesi.org\\\/wp-content\\\/uploads\\\/2023\\\/10\\\/rose-8252992_1920.jpg?fit=1920%2C1252&ssl=1\",\"width\":1920,\"height\":1252,\"caption\":\"\u0130lahiler ve g\u00fcller\"},{\"@type\":\"BreadcrumbList\",\"@id\":\"https:\\\/\\\/esenlikkilisesi.org\\\/index.php\\\/hiristiyan-ilahileri\\\/#breadcrumb\",\"itemListElement\":[{\"@type\":\"ListItem\",\"position\":1,\"name\":\"Anasayfa\",\"item\":\"https:\\\/\\\/esenlikkilisesi.org\\\/\"},{\"@type\":\"ListItem\",\"position\":2,\"name\":\"H\u0131ristiyan \u0130lahileri\"}]},{\"@type\":\"WebSite\",\"@id\":\"https:\\\/\\\/esenlikkilisesi.org\\\/#website\",\"url\":\"https:\\\/\\\/esenlikkilisesi.org\\\/\",\"name\":\"Esenlik Kilisesi\",\"description\":\"\",\"publisher\":{\"@id\":\"https:\\\/\\\/esenlikkilisesi.org\\\/#organization\"},\"potentialAction\":[{\"@type\":\"SearchAction\",\"target\":{\"@type\":\"EntryPoint\",\"urlTemplate\":\"https:\\\/\\\/esenlikkilisesi.org\\\/?s={search_term_string}\"},\"query-input\":{\"@type\":\"PropertyValueSpecification\",\"valueRequired\":true,\"valueName\":\"search_term_string\"}}],\"inLanguage\":\"tr\"},{\"@type\":\"Organization\",\"@id\":\"https:\\\/\\\/esenlikkilisesi.org\\\/#organization\",\"name\":\"Esenlik Kilisesi\",\"url\":\"https:\\\/\\\/esenlikkilisesi.org\\\/\",\"logo\":{\"@type\":\"ImageObject\",\"inLanguage\":\"tr\",\"@id\":\"https:\\\/\\\/esenlikkilisesi.org\\\/#\\\/schema\\\/logo\\\/image\\\/\",\"url\":\"https:\\\/\\\/i0.wp.com\\\/esenlikkilisesi.org\\\/wp-content\\\/uploads\\\/2023\\\/10\\\/EsenlikKilisesi-Logo.png?fit=1500%2C1500&ssl=1\",\"contentUrl\":\"https:\\\/\\\/i0.wp.com\\\/esenlikkilisesi.org\\\/wp-content\\\/uploads\\\/2023\\\/10\\\/EsenlikKilisesi-Logo.png?fit=1500%2C1500&ssl=1\",\"width\":1500,\"height\":1500,\"caption\":\"Esenlik Kilisesi\"},\"image\":{\"@id\":\"https:\\\/\\\/esenlikkilisesi.org\\\/#\\\/schema\\\/logo\\\/image\\\/\"}}]}<\/script>\n<!-- \/ Yoast SEO plugin. -->","yoast_head_json":{"title":"H\u0131ristiyan \u0130lahileri - Esenlik Kilisesi","description":"H\u0131ristiyan \u0130lahileri hem Tanr\u0131'y\u0131 y\u00fcceltiyor hem de Tanr\u0131'n\u0131n yoluna gidenlere te\u015ffik ediyor. Bunun i\u00e7in her toplant\u0131da s\u00f6yl\u00fcyoruz.","robots":{"index":"index","follow":"follow","max-snippet":"max-snippet:-1","max-image-preview":"max-image-preview:large","max-video-preview":"max-video-preview:-1"},"canonical":"https:\/\/esenlikkilisesi.org\/index.php\/hiristiyan-ilahileri\/","og_locale":"tr_TR","og_type":"article","og_title":"H\u0131ristiyan \u0130lahileri - Esenlik Kilisesi","og_description":"H\u0131ristiyan \u0130lahileri hem Tanr\u0131'y\u0131 y\u00fcceltiyor hem de Tanr\u0131'n\u0131n yoluna gidenlere te\u015ffik ediyor. Bunun i\u00e7in her toplant\u0131da s\u00f6yl\u00fcyoruz.","og_url":"https:\/\/esenlikkilisesi.org\/index.php\/hiristiyan-ilahileri\/","og_site_name":"Esenlik Kilisesi - Gaziantep T\u00fcrkiye","article_modified_time":"2024-05-26T02:26:56+00:00","og_image":[{"width":1920,"height":1252,"url":"https:\/\/esenlikkilisesi.org\/wp-content\/uploads\/2023\/10\/rose-8252992_1920.jpg","type":"image\/jpeg"}],"twitter_card":"summary_large_image","twitter_misc":{"Tahmini okuma s\u00fcresi":"1 dakika"},"schema":{"@context":"https:\/\/schema.org","@graph":[{"@type":"WebPage","@id":"https:\/\/esenlikkilisesi.org\/index.php\/hiristiyan-ilahileri\/","url":"https:\/\/esenlikkilisesi.org\/index.php\/hiristiyan-ilahileri\/","name":"H\u0131ristiyan \u0130lahileri - Esenlik Kilisesi","isPartOf":{"@id":"https:\/\/esenlikkilisesi.org\/#website"},"primaryImageOfPage":{"@id":"https:\/\/esenlikkilisesi.org\/index.php\/hiristiyan-ilahileri\/#primaryimage"},"image":{"@id":"https:\/\/esenlikkilisesi.org\/index.php\/hiristiyan-ilahileri\/#primaryimage"},"thumbnailUrl":"https:\/\/i0.wp.com\/esenlikkilisesi.org\/wp-content\/uploads\/2023\/10\/rose-8252992_1920.jpg?fit=1920%2C1252&ssl=1","datePublished":"2023-10-22T16:53:13+00:00","dateModified":"2024-05-26T02:26:56+00:00","description":"H\u0131ristiyan \u0130lahileri hem Tanr\u0131'y\u0131 y\u00fcceltiyor hem de Tanr\u0131'n\u0131n yoluna gidenlere te\u015ffik ediyor. Bunun i\u00e7in her toplant\u0131da s\u00f6yl\u00fcyoruz.","breadcrumb":{"@id":"https:\/\/esenlikkilisesi.org\/index.php\/hiristiyan-ilahileri\/#breadcrumb"},"inLanguage":"tr","potentialAction":[{"@type":"ReadAction","target":["https:\/\/esenlikkilisesi.org\/index.php\/hiristiyan-ilahileri\/"]}]},{"@type":"ImageObject","inLanguage":"tr","@id":"https:\/\/esenlikkilisesi.org\/index.php\/hiristiyan-ilahileri\/#primaryimage","url":"https:\/\/i0.wp.com\/esenlikkilisesi.org\/wp-content\/uploads\/2023\/10\/rose-8252992_1920.jpg?fit=1920%2C1252&ssl=1","contentUrl":"https:\/\/i0.wp.com\/esenlikkilisesi.org\/wp-content\/uploads\/2023\/10\/rose-8252992_1920.jpg?fit=1920%2C1252&ssl=1","width":1920,"height":1252,"caption":"\u0130lahiler ve g\u00fcller"},{"@type":"BreadcrumbList","@id":"https:\/\/esenlikkilisesi.org\/index.php\/hiristiyan-ilahileri\/#breadcrumb","itemListElement":[{"@type":"ListItem","position":1,"name":"Anasayfa","item":"https:\/\/esenlikkilisesi.org\/"},{"@type":"ListItem","position":2,"name":"H\u0131ristiyan \u0130lahileri"}]},{"@type":"WebSite","@id":"https:\/\/esenlikkilisesi.org\/#website","url":"https:\/\/esenlikkilisesi.org\/","name":"Esenlik Kilisesi","description":"","publisher":{"@id":"https:\/\/esenlikkilisesi.org\/#organization"},"potentialAction":[{"@type":"SearchAction","target":{"@type":"EntryPoint","urlTemplate":"https:\/\/esenlikkilisesi.org\/?s={search_term_string}"},"query-input":{"@type":"PropertyValueSpecification","valueRequired":true,"valueName":"search_term_string"}}],"inLanguage":"tr"},{"@type":"Organization","@id":"https:\/\/esenlikkilisesi.org\/#organization","name":"Esenlik Kilisesi","url":"https:\/\/esenlikkilisesi.org\/","logo":{"@type":"ImageObject","inLanguage":"tr","@id":"https:\/\/esenlikkilisesi.org\/#\/schema\/logo\/image\/","url":"https:\/\/i0.wp.com\/esenlikkilisesi.org\/wp-content\/uploads\/2023\/10\/EsenlikKilisesi-Logo.png?fit=1500%2C1500&ssl=1","contentUrl":"https:\/\/i0.wp.com\/esenlikkilisesi.org\/wp-content\/uploads\/2023\/10\/EsenlikKilisesi-Logo.png?fit=1500%2C1500&ssl=1","width":1500,"height":1500,"caption":"Esenlik Kilisesi"},"image":{"@id":"https:\/\/esenlikkilisesi.org\/#\/schema\/logo\/image\/"}}]}},"jetpack_sharing_enabled":true,"_links":{"self":[{"href":"https:\/\/esenlikkilisesi.org\/index.php\/wp-json\/wp\/v2\/pages\/133","targetHints":{"allow":["GET"]}}],"collection":[{"href":"https:\/\/esenlikkilisesi.org\/index.php\/wp-json\/wp\/v2\/pages"}],"about":[{"href":"https:\/\/esenlikkilisesi.org\/index.php\/wp-json\/wp\/v2\/types\/page"}],"author":[{"embeddable":true,"href":"https:\/\/esenlikkilisesi.org\/index.php\/wp-json\/wp\/v2\/users\/1"}],"replies":[{"embeddable":true,"href":"https:\/\/esenlikkilisesi.org\/index.php\/wp-json\/wp\/v2\/comments?post=133"}],"version-history":[{"count":26,"href":"https:\/\/esenlikkilisesi.org\/index.php\/wp-json\/wp\/v2\/pages\/133\/revisions"}],"predecessor-version":[{"id":245,"href":"https:\/\/esenlikkilisesi.org\/index.php\/wp-json\/wp\/v2\/pages\/133\/revisions\/245"}],"wp:featuredmedia":[{"embeddable":true,"href":"https:\/\/esenlikkilisesi.org\/index.php\/wp-json\/wp\/v2\/media\/135"}],"wp:attachment":[{"href":"https:\/\/esenlikkilisesi.org\/index.php\/wp-json\/wp\/v2\/media?parent=133"}],"curies":[{"name":"wp","href":"https:\/\/api.w.org\/{rel}","templated":true}]}}