{"id":3,"date":"2023-09-22T18:54:46","date_gmt":"2023-09-22T18:54:46","guid":{"rendered":"https:\/\/esenlikkilisesi.org\/?page_id=3"},"modified":"2023-10-22T15:05:48","modified_gmt":"2023-10-22T15:05:48","slug":"tanikligimiz","status":"publish","type":"page","link":"https:\/\/esenlikkilisesi.org\/index.php\/tanikligimiz\/","title":{"rendered":"Tan\u0131kl\u0131\u011f\u0131m\u0131z"},"content":{"rendered":"<div class=\"boldgrid-section\">\r\n<div class=\"container\">\r\n<div class=\"row\" style=\"padding-top: 40px; padding-bottom: 0px; box-shadow: #cecece 0px 5px 5px 0px; background-color: #e8e5d8;\">\r\n<div class=\"col-lg-12 col-md-12 col-xs-12 col-sm-12\" style=\"box-shadow: #cecece 0px 0px 0px 0px inset; padding-top: 0em;\">\r\n<p class=\"mod-reset\"><img data-recalc-dims=\"1\" loading=\"lazy\" decoding=\"async\" class=\"wp-image-109 bg-img bg-img-rounded-bottom-left bg-img-rounded-top-right aligncenter color-neutral-text-contrast color-neutral-background-color\" style=\"box-shadow: #cecece 0px 5px 5px 0px inset; border: 4.3px solid #cec496;\" src=\"https:\/\/i0.wp.com\/esenlikkilisesi.org\/wp-content\/uploads\/2023\/10\/0_0_1024_683.02296450939_flower-7236685_1920.jpg?resize=398%2C265&#038;ssl=1\" alt=\"Tan\u0131kl\u0131\u011f\u0131m\u0131z bu g\u00fczel kelebe\u011fe benzetebiliriz. Tanr\u0131'ya yakla\u015ft\u0131m\u0131zda yeni hayat ba\u015flad\u0131k.\" width=\"398\" height=\"265\" srcset=\"https:\/\/i0.wp.com\/esenlikkilisesi.org\/wp-content\/uploads\/2023\/10\/flower-7236685_1920.jpg?w=1024&amp;ssl=1 1024w, https:\/\/i0.wp.com\/esenlikkilisesi.org\/wp-content\/uploads\/2023\/10\/flower-7236685_1920.jpg?resize=300%2C200&amp;ssl=1 300w, https:\/\/i0.wp.com\/esenlikkilisesi.org\/wp-content\/uploads\/2023\/10\/flower-7236685_1920.jpg?resize=768%2C512&amp;ssl=1 768w, https:\/\/i0.wp.com\/esenlikkilisesi.org\/wp-content\/uploads\/2023\/10\/flower-7236685_1920.jpg?resize=1536%2C1024&amp;ssl=1 1536w, https:\/\/i0.wp.com\/esenlikkilisesi.org\/wp-content\/uploads\/2023\/10\/flower-7236685_1920.jpg?w=1920&amp;ssl=1 1920w\" sizes=\"auto, (max-width: 398px) 100vw, 398px\" \/><\/p>\r\n<h3 class=\"\" style=\"font-family: 'Amatic SC'; font-weight: 400; font-size: 34px;\" data-font-family=\"Amatic SC\" data-font-weight=\"400\">Mesih&#8217;le birlikte dirildi\u011finize g\u00f6re, g\u00f6kteki de\u011ferlerin ard\u0131ndan gidin. Mesih orada, Tanr\u0131&#8217;n\u0131n sa\u011f\u0131nda oturuyor.&nbsp;<\/h3>\r\n<p class=\"\" style=\"font-family: Birthstone; font-weight: 400; font-size: 29px;\" data-font-family=\"Birthstone\" data-font-weight=\"400\" data-font-style=\"\">Koloseliler 3:1&nbsp;<\/p>\r\n<\/div>\r\n<\/div>\r\n<\/div>\r\n<\/div>\r\n\r\n<div class=\"boldgrid-section\">\r\n<div class=\"container\">\r\n<div class=\"row\" style=\"padding-top: 24px;\">\r\n<div class=\"col-lg-12 col-md-12 col-xs-12 col-sm-12\">\r\n<h2 class=\"wp-block-heading\">Tan\u0131kl\u0131\u011f\u0131m\u0131z<\/h2>\r\n<h6 class=\"\"><strong class=\"privacy-policy-tutorial\"><span class=\"jCAhz ChMk0b\"><span class=\"ryNqvb\">Bizim i\u00e7in Tanr\u0131&#8217;n\u0131n g\u00fcc\u00fc bilimselikten \u00e7ok daha ger\u00e7ektir. <\/span><\/span><\/strong><\/h6>\r\n<p class=\"\"><span class=\"jCAhz ChMk0b\"><span class=\"ryNqvb\">Rab&#8217;bin g\u00fcc\u00fc hakk\u0131nda sadece Kutsal Kitap&#8217;ta okumakla kalm\u0131yoruz, hayat\u0131m\u0131zda Onun izlerini de ta\u015f\u0131n\u0131yoruz. <\/span><\/span><span class=\"jCAhz ChMk0b\"><span class=\"ryNqvb\">Ya\u015famlar\u0131m\u0131z eskiden g\u00fcnah ve umutsuzluk i\u00e7eresindeydi ama \u015fimdi Tanr\u0131 bizi ar\u0131nd\u0131rd\u0131 ve huzurla doldurdu.<\/span><\/span> <span class=\"jCAhz ChMk0b\"><span class=\"ryNqvb\">Bir zamanlar bizi esaret alt\u0131nda tutan g\u00fcnah\u0131n art\u0131k \u00fczerimizde g\u00fcc\u00fc yoktur.<\/span><\/span> <span class=\"jCAhz ChMk0b\"><span class=\"ryNqvb\">Umutsuzluk yerine kalplerimiz esenlikle doluyor.<\/span><\/span> <span class=\"jCAhz ChMk0b\"><span class=\"ryNqvb\">\u00dcz\u00fcnt\u00fc yerine sevin\u00e7le co\u015furuyoruz.<\/span><\/span> <span class=\"jCAhz ChMk0b\"><span class=\"ryNqvb\">Her \u015feyi Kurtar\u0131c\u0131m\u0131za teslim etti\u011fimizde t\u00fcm bunlar de\u011fi\u015fti.<\/span><\/span><\/p>\r\n<p class=\"\">&nbsp;<\/p>\r\n<\/div>\r\n<\/div>\r\n<\/div>\r\n<\/div>\r\n\r\n\r\n\r\n\r\n\r\n\r\n\r\n\r\n\r\n\r\n\r\n\r\n\r\n\r\n\r\n\r\n\r\n\r\n\r\n\r\n\r\n\r\n\r\n\r\n\r\n\r\n\r\n\r\n\r\n\r\n\r\n\r\n\r\n\r\n\r\n\r\n\r\n\r\n\r\n\r\n\r\n\r\n\r\n\r\n\r\n\r\n","protected":false},"excerpt":{"rendered":"<p>Mesih&#8217;le birlikte dirildi\u011finize g\u00f6re, g\u00f6kteki de\u011ferlerin ard\u0131ndan gidin. Mesih orada, Tanr\u0131&#8217;n\u0131n sa\u011f\u0131nda oturuyor.&nbsp; Koloseliler 3:1&nbsp; Tan\u0131kl\u0131\u011f\u0131m\u0131z Bizim i\u00e7in Tanr\u0131&#8217;n\u0131n g\u00fcc\u00fc bilimselikten \u00e7ok daha ger\u00e7ektir. Rab&#8217;bin g\u00fcc\u00fc hakk\u0131nda sadece Kutsal Kitap&#8217;ta okumakla kalm\u0131yoruz, hayat\u0131m\u0131zda Onun izlerini de ta\u015f\u0131n\u0131yoruz. Ya\u015famlar\u0131m\u0131z eskiden g\u00fcnah ve umutsuzluk i\u00e7eresindeydi ama \u015fimdi Tanr\u0131 bizi ar\u0131nd\u0131rd\u0131 ve huzurla doldurdu. Bir zamanlar bizi esaret [&hellip;]<\/p>\n","protected":false},"author":1,"featured_media":0,"parent":0,"menu_order":0,"comment_status":"closed","ping_status":"open","template":"","meta":{"site-sidebar-layout":"default","site-content-layout":"","ast-site-content-layout":"default","site-content-style":"default","site-sidebar-style":"default","ast-global-header-display":"","ast-banner-title-visibility":"","ast-main-header-display":"","ast-hfb-above-header-display":"","ast-hfb-below-header-display":"","ast-hfb-mobile-header-display":"","site-post-title":"","ast-breadcrumbs-content":"","ast-featured-img":"","footer-sml-layout":"","theme-transparent-header-meta":"default","adv-header-id-meta":"","stick-header-meta":"","header-above-stick-meta":"","header-main-stick-meta":"","header-below-stick-meta":"","astra-migrate-meta-layouts":"set","ast-page-background-enabled":"default","ast-page-background-meta":{"desktop":{"background-color":"var(--ast-global-color-4)","background-image":"","background-repeat":"repeat","background-position":"center center","background-size":"auto","background-attachment":"scroll","background-type":"","background-media":"","overlay-type":"","overlay-color":"","overlay-opacity":"","overlay-gradient":""},"tablet":{"background-color":"","background-image":"","background-repeat":"repeat","background-position":"center center","background-size":"auto","background-attachment":"scroll","background-type":"","background-media":"","overlay-type":"","overlay-color":"","overlay-opacity":"","overlay-gradient":""},"mobile":{"background-color":"","background-image":"","background-repeat":"repeat","background-position":"center center","background-size":"auto","background-attachment":"scroll","background-type":"","background-media":"","overlay-type":"","overlay-color":"","overlay-opacity":"","overlay-gradient":""}},"ast-content-background-meta":{"desktop":{"background-color":"var(--ast-global-color-5)","background-image":"","background-repeat":"repeat","background-position":"center center","background-size":"auto","background-attachment":"scroll","background-type":"","background-media":"","overlay-type":"","overlay-color":"","overlay-opacity":"","overlay-gradient":""},"tablet":{"background-color":"var(--ast-global-color-5)","background-image":"","background-repeat":"repeat","background-position":"center center","background-size":"auto","background-attachment":"scroll","background-type":"","background-media":"","overlay-type":"","overlay-color":"","overlay-opacity":"","overlay-gradient":""},"mobile":{"background-color":"var(--ast-global-color-5)","background-image":"","background-repeat":"repeat","background-position":"center center","background-size":"auto","background-attachment":"scroll","background-type":"","background-media":"","overlay-type":"","overlay-color":"","overlay-opacity":"","overlay-gradient":""}},"footnotes":""},"class_list":["post-3","page","type-page","status-publish","hentry"],"yoast_head":"<!-- This site is optimized with the Yoast SEO plugin v27.5 - https:\/\/yoast.com\/product\/yoast-seo-wordpress\/ -->\n<title>Tan\u0131kl\u0131\u011f\u0131m\u0131z - Esenlik Kilisesi - Gaziantep T\u00fcrkiye<\/title>\n<meta name=\"description\" content=\"Rab&#039;bin g\u00fcc\u00fc hakk\u0131nda sadece Kutsal Kitap&#039;ta okumakla kalm\u0131yoruz, hayat\u0131m\u0131zda Onun izlerini de ta\u015f\u0131n\u0131yoruz.\" \/>\n<meta name=\"robots\" content=\"index, follow, max-snippet:-1, max-image-preview:large, max-video-preview:-1\" \/>\n<link rel=\"canonical\" href=\"https:\/\/esenlikkilisesi.org\/index.php\/tanikligimiz\/\" \/>\n<meta property=\"og:locale\" content=\"tr_TR\" \/>\n<meta property=\"og:type\" content=\"article\" \/>\n<meta property=\"og:title\" content=\"Tan\u0131kl\u0131\u011f\u0131m\u0131z - Esenlik Kilisesi - Gaziantep T\u00fcrkiye\" \/>\n<meta property=\"og:description\" content=\"Rab&#039;bin g\u00fcc\u00fc hakk\u0131nda sadece Kutsal Kitap&#039;ta okumakla kalm\u0131yoruz, hayat\u0131m\u0131zda Onun izlerini de ta\u015f\u0131n\u0131yoruz.\" \/>\n<meta property=\"og:url\" content=\"https:\/\/esenlikkilisesi.org\/index.php\/tanikligimiz\/\" \/>\n<meta property=\"og:site_name\" content=\"Esenlik Kilisesi - Gaziantep T\u00fcrkiye\" \/>\n<meta property=\"article:modified_time\" content=\"2023-10-22T15:05:48+00:00\" \/>\n<meta property=\"og:image\" content=\"https:\/\/esenlikkilisesi.org\/wp-content\/uploads\/2023\/10\/0_0_1024_683.02296450939_flower-7236685_1920.jpg\" \/>\n<meta name=\"twitter:card\" content=\"summary_large_image\" \/>\n<meta name=\"twitter:label1\" content=\"Tahmini okuma s\u00fcresi\" \/>\n\t<meta name=\"twitter:data1\" content=\"1 dakika\" \/>\n<script type=\"application\/ld+json\" class=\"yoast-schema-graph\">{\"@context\":\"https:\\\/\\\/schema.org\",\"@graph\":[{\"@type\":\"WebPage\",\"@id\":\"https:\\\/\\\/esenlikkilisesi.org\\\/index.php\\\/tanikligimiz\\\/\",\"url\":\"https:\\\/\\\/esenlikkilisesi.org\\\/index.php\\\/tanikligimiz\\\/\",\"name\":\"Tan\u0131kl\u0131\u011f\u0131m\u0131z - Esenlik Kilisesi - Gaziantep T\u00fcrkiye\",\"isPartOf\":{\"@id\":\"https:\\\/\\\/esenlikkilisesi.org\\\/#website\"},\"primaryImageOfPage\":{\"@id\":\"https:\\\/\\\/esenlikkilisesi.org\\\/index.php\\\/tanikligimiz\\\/#primaryimage\"},\"image\":{\"@id\":\"https:\\\/\\\/esenlikkilisesi.org\\\/index.php\\\/tanikligimiz\\\/#primaryimage\"},\"thumbnailUrl\":\"https:\\\/\\\/esenlikkilisesi.org\\\/wp-content\\\/uploads\\\/2023\\\/10\\\/0_0_1024_683.02296450939_flower-7236685_1920.jpg\",\"datePublished\":\"2023-09-22T18:54:46+00:00\",\"dateModified\":\"2023-10-22T15:05:48+00:00\",\"description\":\"Rab'bin g\u00fcc\u00fc hakk\u0131nda sadece Kutsal Kitap'ta okumakla kalm\u0131yoruz, hayat\u0131m\u0131zda Onun izlerini de ta\u015f\u0131n\u0131yoruz.\",\"breadcrumb\":{\"@id\":\"https:\\\/\\\/esenlikkilisesi.org\\\/index.php\\\/tanikligimiz\\\/#breadcrumb\"},\"inLanguage\":\"tr\",\"potentialAction\":[{\"@type\":\"ReadAction\",\"target\":[\"https:\\\/\\\/esenlikkilisesi.org\\\/index.php\\\/tanikligimiz\\\/\"]}]},{\"@type\":\"ImageObject\",\"inLanguage\":\"tr\",\"@id\":\"https:\\\/\\\/esenlikkilisesi.org\\\/index.php\\\/tanikligimiz\\\/#primaryimage\",\"url\":\"https:\\\/\\\/esenlikkilisesi.org\\\/wp-content\\\/uploads\\\/2023\\\/10\\\/0_0_1024_683.02296450939_flower-7236685_1920.jpg\",\"contentUrl\":\"https:\\\/\\\/esenlikkilisesi.org\\\/wp-content\\\/uploads\\\/2023\\\/10\\\/0_0_1024_683.02296450939_flower-7236685_1920.jpg\"},{\"@type\":\"BreadcrumbList\",\"@id\":\"https:\\\/\\\/esenlikkilisesi.org\\\/index.php\\\/tanikligimiz\\\/#breadcrumb\",\"itemListElement\":[{\"@type\":\"ListItem\",\"position\":1,\"name\":\"Anasayfa\",\"item\":\"https:\\\/\\\/esenlikkilisesi.org\\\/\"},{\"@type\":\"ListItem\",\"position\":2,\"name\":\"Tan\u0131kl\u0131\u011f\u0131m\u0131z\"}]},{\"@type\":\"WebSite\",\"@id\":\"https:\\\/\\\/esenlikkilisesi.org\\\/#website\",\"url\":\"https:\\\/\\\/esenlikkilisesi.org\\\/\",\"name\":\"Esenlik Kilisesi\",\"description\":\"\",\"publisher\":{\"@id\":\"https:\\\/\\\/esenlikkilisesi.org\\\/#organization\"},\"potentialAction\":[{\"@type\":\"SearchAction\",\"target\":{\"@type\":\"EntryPoint\",\"urlTemplate\":\"https:\\\/\\\/esenlikkilisesi.org\\\/?s={search_term_string}\"},\"query-input\":{\"@type\":\"PropertyValueSpecification\",\"valueRequired\":true,\"valueName\":\"search_term_string\"}}],\"inLanguage\":\"tr\"},{\"@type\":\"Organization\",\"@id\":\"https:\\\/\\\/esenlikkilisesi.org\\\/#organization\",\"name\":\"Esenlik Kilisesi\",\"url\":\"https:\\\/\\\/esenlikkilisesi.org\\\/\",\"logo\":{\"@type\":\"ImageObject\",\"inLanguage\":\"tr\",\"@id\":\"https:\\\/\\\/esenlikkilisesi.org\\\/#\\\/schema\\\/logo\\\/image\\\/\",\"url\":\"https:\\\/\\\/i0.wp.com\\\/esenlikkilisesi.org\\\/wp-content\\\/uploads\\\/2023\\\/10\\\/EsenlikKilisesi-Logo.png?fit=1500%2C1500&ssl=1\",\"contentUrl\":\"https:\\\/\\\/i0.wp.com\\\/esenlikkilisesi.org\\\/wp-content\\\/uploads\\\/2023\\\/10\\\/EsenlikKilisesi-Logo.png?fit=1500%2C1500&ssl=1\",\"width\":1500,\"height\":1500,\"caption\":\"Esenlik Kilisesi\"},\"image\":{\"@id\":\"https:\\\/\\\/esenlikkilisesi.org\\\/#\\\/schema\\\/logo\\\/image\\\/\"}}]}<\/script>\n<!-- \/ Yoast SEO plugin. -->","yoast_head_json":{"title":"Tan\u0131kl\u0131\u011f\u0131m\u0131z - Esenlik Kilisesi - Gaziantep T\u00fcrkiye","description":"Rab'bin g\u00fcc\u00fc hakk\u0131nda sadece Kutsal Kitap'ta okumakla kalm\u0131yoruz, hayat\u0131m\u0131zda Onun izlerini de ta\u015f\u0131n\u0131yoruz.","robots":{"index":"index","follow":"follow","max-snippet":"max-snippet:-1","max-image-preview":"max-image-preview:large","max-video-preview":"max-video-preview:-1"},"canonical":"https:\/\/esenlikkilisesi.org\/index.php\/tanikligimiz\/","og_locale":"tr_TR","og_type":"article","og_title":"Tan\u0131kl\u0131\u011f\u0131m\u0131z - Esenlik Kilisesi - Gaziantep T\u00fcrkiye","og_description":"Rab'bin g\u00fcc\u00fc hakk\u0131nda sadece Kutsal Kitap'ta okumakla kalm\u0131yoruz, hayat\u0131m\u0131zda Onun izlerini de ta\u015f\u0131n\u0131yoruz.","og_url":"https:\/\/esenlikkilisesi.org\/index.php\/tanikligimiz\/","og_site_name":"Esenlik Kilisesi - Gaziantep T\u00fcrkiye","article_modified_time":"2023-10-22T15:05:48+00:00","og_image":[{"url":"https:\/\/esenlikkilisesi.org\/wp-content\/uploads\/2023\/10\/0_0_1024_683.02296450939_flower-7236685_1920.jpg","type":"","width":"","height":""}],"twitter_card":"summary_large_image","twitter_misc":{"Tahmini okuma s\u00fcresi":"1 dakika"},"schema":{"@context":"https:\/\/schema.org","@graph":[{"@type":"WebPage","@id":"https:\/\/esenlikkilisesi.org\/index.php\/tanikligimiz\/","url":"https:\/\/esenlikkilisesi.org\/index.php\/tanikligimiz\/","name":"Tan\u0131kl\u0131\u011f\u0131m\u0131z - Esenlik Kilisesi - Gaziantep T\u00fcrkiye","isPartOf":{"@id":"https:\/\/esenlikkilisesi.org\/#website"},"primaryImageOfPage":{"@id":"https:\/\/esenlikkilisesi.org\/index.php\/tanikligimiz\/#primaryimage"},"image":{"@id":"https:\/\/esenlikkilisesi.org\/index.php\/tanikligimiz\/#primaryimage"},"thumbnailUrl":"https:\/\/esenlikkilisesi.org\/wp-content\/uploads\/2023\/10\/0_0_1024_683.02296450939_flower-7236685_1920.jpg","datePublished":"2023-09-22T18:54:46+00:00","dateModified":"2023-10-22T15:05:48+00:00","description":"Rab'bin g\u00fcc\u00fc hakk\u0131nda sadece Kutsal Kitap'ta okumakla kalm\u0131yoruz, hayat\u0131m\u0131zda Onun izlerini de ta\u015f\u0131n\u0131yoruz.","breadcrumb":{"@id":"https:\/\/esenlikkilisesi.org\/index.php\/tanikligimiz\/#breadcrumb"},"inLanguage":"tr","potentialAction":[{"@type":"ReadAction","target":["https:\/\/esenlikkilisesi.org\/index.php\/tanikligimiz\/"]}]},{"@type":"ImageObject","inLanguage":"tr","@id":"https:\/\/esenlikkilisesi.org\/index.php\/tanikligimiz\/#primaryimage","url":"https:\/\/esenlikkilisesi.org\/wp-content\/uploads\/2023\/10\/0_0_1024_683.02296450939_flower-7236685_1920.jpg","contentUrl":"https:\/\/esenlikkilisesi.org\/wp-content\/uploads\/2023\/10\/0_0_1024_683.02296450939_flower-7236685_1920.jpg"},{"@type":"BreadcrumbList","@id":"https:\/\/esenlikkilisesi.org\/index.php\/tanikligimiz\/#breadcrumb","itemListElement":[{"@type":"ListItem","position":1,"name":"Anasayfa","item":"https:\/\/esenlikkilisesi.org\/"},{"@type":"ListItem","position":2,"name":"Tan\u0131kl\u0131\u011f\u0131m\u0131z"}]},{"@type":"WebSite","@id":"https:\/\/esenlikkilisesi.org\/#website","url":"https:\/\/esenlikkilisesi.org\/","name":"Esenlik Kilisesi","description":"","publisher":{"@id":"https:\/\/esenlikkilisesi.org\/#organization"},"potentialAction":[{"@type":"SearchAction","target":{"@type":"EntryPoint","urlTemplate":"https:\/\/esenlikkilisesi.org\/?s={search_term_string}"},"query-input":{"@type":"PropertyValueSpecification","valueRequired":true,"valueName":"search_term_string"}}],"inLanguage":"tr"},{"@type":"Organization","@id":"https:\/\/esenlikkilisesi.org\/#organization","name":"Esenlik Kilisesi","url":"https:\/\/esenlikkilisesi.org\/","logo":{"@type":"ImageObject","inLanguage":"tr","@id":"https:\/\/esenlikkilisesi.org\/#\/schema\/logo\/image\/","url":"https:\/\/i0.wp.com\/esenlikkilisesi.org\/wp-content\/uploads\/2023\/10\/EsenlikKilisesi-Logo.png?fit=1500%2C1500&ssl=1","contentUrl":"https:\/\/i0.wp.com\/esenlikkilisesi.org\/wp-content\/uploads\/2023\/10\/EsenlikKilisesi-Logo.png?fit=1500%2C1500&ssl=1","width":1500,"height":1500,"caption":"Esenlik Kilisesi"},"image":{"@id":"https:\/\/esenlikkilisesi.org\/#\/schema\/logo\/image\/"}}]}},"jetpack_sharing_enabled":true,"_links":{"self":[{"href":"https:\/\/esenlikkilisesi.org\/index.php\/wp-json\/wp\/v2\/pages\/3","targetHints":{"allow":["GET"]}}],"collection":[{"href":"https:\/\/esenlikkilisesi.org\/index.php\/wp-json\/wp\/v2\/pages"}],"about":[{"href":"https:\/\/esenlikkilisesi.org\/index.php\/wp-json\/wp\/v2\/types\/page"}],"author":[{"embeddable":true,"href":"https:\/\/esenlikkilisesi.org\/index.php\/wp-json\/wp\/v2\/users\/1"}],"replies":[{"embeddable":true,"href":"https:\/\/esenlikkilisesi.org\/index.php\/wp-json\/wp\/v2\/comments?post=3"}],"version-history":[{"count":6,"href":"https:\/\/esenlikkilisesi.org\/index.php\/wp-json\/wp\/v2\/pages\/3\/revisions"}],"predecessor-version":[{"id":131,"href":"https:\/\/esenlikkilisesi.org\/index.php\/wp-json\/wp\/v2\/pages\/3\/revisions\/131"}],"wp:attachment":[{"href":"https:\/\/esenlikkilisesi.org\/index.php\/wp-json\/wp\/v2\/media?parent=3"}],"curies":[{"name":"wp","href":"https:\/\/api.w.org\/{rel}","templated":true}]}}